{"id":316,"date":"2024-09-18T21:10:54","date_gmt":"2024-09-18T21:10:54","guid":{"rendered":"https:\/\/strong.espanglishmarketing.com\/?page_id=316"},"modified":"2024-10-08T16:07:50","modified_gmt":"2024-10-08T16:07:50","slug":"blog","status":"publish","type":"page","link":"https:\/\/strongsteelbuildings.com\/es\/blog\/","title":{"rendered":"Blog"},"content":{"rendered":"<div data-elementor-type=\"wp-page\" data-elementor-id=\"316\" class=\"elementor elementor-316\" data-elementor-post-type=\"page\">\n\t\t\t\t<div class=\"elementor-element elementor-element-4a1d3fc5 e-flex e-con-boxed e-con e-parent\" data-id=\"4a1d3fc5\" data-element_type=\"container\" data-e-type=\"container\" data-settings=\"{&quot;background_background&quot;:&quot;classic&quot;}\">\n\t\t\t\t\t<div class=\"e-con-inner\">\n\t\t\t\t<div class=\"elementor-element elementor-element-9f9bc8e elementor-widget elementor-widget-heading\" data-id=\"9f9bc8e\" data-element_type=\"widget\" data-e-type=\"widget\" data-widget_type=\"heading.default\">\n\t\t\t\t<div class=\"elementor-widget-container\">\n\t\t\t\t\t<h2 class=\"elementor-heading-title elementor-size-default\">Blog<\/h2>\t\t\t\t<\/div>\n\t\t\t\t<\/div>\n\t\t\t\t\t<\/div>\n\t\t\t\t<\/div>\n\t\t<div class=\"elementor-element elementor-element-55e966ca e-flex e-con-boxed e-con e-parent\" data-id=\"55e966ca\" data-element_type=\"container\" data-e-type=\"container\">\n\t\t\t\t\t<div class=\"e-con-inner\">\n\t\t\t\t<div class=\"elementor-element elementor-element-5c5f2b9e elementor-invisible elementor-widget elementor-widget-heading\" data-id=\"5c5f2b9e\" data-element_type=\"widget\" data-e-type=\"widget\" data-settings=\"{&quot;_animation&quot;:&quot;slideInUp&quot;}\" data-widget_type=\"heading.default\">\n\t\t\t\t<div class=\"elementor-widget-container\">\n\t\t\t\t\t<div class=\"elementor-heading-title elementor-size-default\">PUBLICACI\u00d3N DE BLOG OBLIGATORIA<\/div>\t\t\t\t<\/div>\n\t\t\t\t<\/div>\n\t\t\t\t<div class=\"elementor-element elementor-element-5d5be1e4 elementor-invisible elementor-widget elementor-widget-elementskit-heading\" data-id=\"5d5be1e4\" data-element_type=\"widget\" data-e-type=\"widget\" data-settings=\"{&quot;_animation&quot;:&quot;slideInUp&quot;,&quot;_animation_delay&quot;:300}\" data-widget_type=\"elementskit-heading.default\">\n\t\t\t\t<div class=\"elementor-widget-container\">\n\t\t\t\t\t<div class=\"ekit-wid-con\" ><div class=\"ekit-heading elementskit-section-title-wraper text_center   ekit_heading_tablet-   ekit_heading_mobile-\"><h2 class=\"ekit-heading--title elementskit-section-title\">Echa un vistazo a nuestros m\u00e1s <span><span>Reciente<\/span><\/span> Art\u00edculos<\/h2><\/div><\/div>\t\t\t\t<\/div>\n\t\t\t\t<\/div>\n\t\t\t\t<div class=\"elementor-element elementor-element-2743e693 elementor-posts--align-left elementor-grid-2 elementor-grid-tablet-2 elementor-grid-mobile-1 elementor-posts--thumbnail-top elementor-widget elementor-widget-posts\" data-id=\"2743e693\" data-element_type=\"widget\" data-e-type=\"widget\" data-settings=\"{&quot;classic_row_gap&quot;:{&quot;unit&quot;:&quot;px&quot;,&quot;size&quot;:30,&quot;sizes&quot;:[]},&quot;classic_columns&quot;:&quot;2&quot;,&quot;classic_columns_tablet&quot;:&quot;2&quot;,&quot;classic_columns_mobile&quot;:&quot;1&quot;,&quot;classic_row_gap_tablet&quot;:{&quot;unit&quot;:&quot;px&quot;,&quot;size&quot;:&quot;&quot;,&quot;sizes&quot;:[]},&quot;classic_row_gap_mobile&quot;:{&quot;unit&quot;:&quot;px&quot;,&quot;size&quot;:&quot;&quot;,&quot;sizes&quot;:[]}}\" data-widget_type=\"posts.classic\">\n\t\t\t\t<div class=\"elementor-widget-container\">\n\t\t\t\t\t\t\t<div class=\"elementor-posts-container elementor-posts elementor-posts--skin-classic elementor-grid\">\n\t\t\t\t<article class=\"elementor-post elementor-grid-item post-1607 post type-post status-publish format-standard has-post-thumbnail hentry category-uncategorized\">\n\t\t\t\t<a class=\"elementor-post__thumbnail__link\" href=\"https:\/\/strongsteelbuildings.com\/es\/5-reasons-why-a-strong-steel-building-is-the-best-investment-for-your-property\/\" tabindex=\"-1\" >\n\t\t\t<div class=\"elementor-post__thumbnail\"><img fetchpriority=\"high\" decoding=\"async\" width=\"792\" height=\"592\" src=\"https:\/\/strongsteelbuildings.com\/wp-content\/uploads\/2025\/02\/60a74b49-ee9d-43d2-b82d-8b4d39f5abac.jpg\" class=\"attachment-full size-full wp-image-1602\" alt=\"\" srcset=\"https:\/\/strongsteelbuildings.com\/wp-content\/uploads\/2025\/02\/60a74b49-ee9d-43d2-b82d-8b4d39f5abac.jpg 792w, https:\/\/strongsteelbuildings.com\/wp-content\/uploads\/2025\/02\/60a74b49-ee9d-43d2-b82d-8b4d39f5abac-300x224.jpg 300w, https:\/\/strongsteelbuildings.com\/wp-content\/uploads\/2025\/02\/60a74b49-ee9d-43d2-b82d-8b4d39f5abac-768x574.jpg 768w\" sizes=\"(max-width: 792px) 100vw, 792px\" \/><\/div>\n\t\t<\/a>\n\t\t\t\t<div class=\"elementor-post__text\">\n\t\t\t\t<h4 class=\"elementor-post__title\">\n\t\t\t<a href=\"https:\/\/strongsteelbuildings.com\/es\/5-reasons-why-a-strong-steel-building-is-the-best-investment-for-your-property\/\" >\n\t\t\t\t5 razones por las que un edificio de acero resistente es la mejor inversi\u00f3n para su propiedad\t\t\t<\/a>\n\t\t<\/h4>\n\t\t\t\t<div class=\"elementor-post__meta-data\">\n\t\t\t\t\t<span class=\"elementor-post-avatar\">\n\t\t\tNo hay comentarios\t\t<\/span>\n\t\t\t\t<span class=\"elementor-post-date\">\n\t\t\t4 de febrero de 2025\t\t<\/span>\n\t\t\t\t<\/div>\n\t\t\n\t\t<a class=\"elementor-post__read-more\" href=\"https:\/\/strongsteelbuildings.com\/es\/5-reasons-why-a-strong-steel-building-is-the-best-investment-for-your-property\/\" aria-label=\"Lea m\u00e1s sobre 5 razones por las que un edificio de acero resistente es la mejor inversi\u00f3n para su propiedad\" tabindex=\"-1\" >\n\t\t\tLeer m\u00e1s &quot;\t\t<\/a>\n\n\t\t\t\t<\/div>\n\t\t\t\t<\/article>\n\t\t\t\t<article class=\"elementor-post elementor-grid-item post-1605 post type-post status-publish format-standard has-post-thumbnail hentry category-uncategorized\">\n\t\t\t\t<a class=\"elementor-post__thumbnail__link\" href=\"https:\/\/strongsteelbuildings.com\/es\/guide-to-buying-your-first-strong-steel-building-what-you-need-to-know\/\" tabindex=\"-1\" >\n\t\t\t<div class=\"elementor-post__thumbnail\"><img decoding=\"async\" width=\"600\" height=\"450\" src=\"https:\/\/strongsteelbuildings.com\/wp-content\/uploads\/2025\/02\/IMG_3599.jpg\" class=\"attachment-full size-full wp-image-1601\" alt=\"\" srcset=\"https:\/\/strongsteelbuildings.com\/wp-content\/uploads\/2025\/02\/IMG_3599.jpg 600w, https:\/\/strongsteelbuildings.com\/wp-content\/uploads\/2025\/02\/IMG_3599-300x225.jpg 300w\" sizes=\"(max-width: 600px) 100vw, 600px\" \/><\/div>\n\t\t<\/a>\n\t\t\t\t<div class=\"elementor-post__text\">\n\t\t\t\t<h4 class=\"elementor-post__title\">\n\t\t\t<a href=\"https:\/\/strongsteelbuildings.com\/es\/guide-to-buying-your-first-strong-steel-building-what-you-need-to-know\/\" >\n\t\t\t\tGu\u00eda para comprar su primer edificio de acero resistente: lo que necesita saber\t\t\t<\/a>\n\t\t<\/h4>\n\t\t\t\t<div class=\"elementor-post__meta-data\">\n\t\t\t\t\t<span class=\"elementor-post-avatar\">\n\t\t\tNo hay comentarios\t\t<\/span>\n\t\t\t\t<span class=\"elementor-post-date\">\n\t\t\t4 de febrero de 2025\t\t<\/span>\n\t\t\t\t<\/div>\n\t\t\n\t\t<a class=\"elementor-post__read-more\" href=\"https:\/\/strongsteelbuildings.com\/es\/guide-to-buying-your-first-strong-steel-building-what-you-need-to-know\/\" aria-label=\"Lea m\u00e1s sobre la Gu\u00eda para comprar su primer edificio de acero resistente: lo que necesita saber\" tabindex=\"-1\" >\n\t\t\tLeer m\u00e1s &quot;\t\t<\/a>\n\n\t\t\t\t<\/div>\n\t\t\t\t<\/article>\n\t\t\t\t<article class=\"elementor-post elementor-grid-item post-1600 post type-post status-publish format-standard has-post-thumbnail hentry category-uncategorized\">\n\t\t\t\t<a class=\"elementor-post__thumbnail__link\" href=\"https:\/\/strongsteelbuildings.com\/es\/choosing-the-best-materials-for-your-strong-steel-building-a-comprehensive-guide\/\" tabindex=\"-1\" >\n\t\t\t<div class=\"elementor-post__thumbnail\"><img decoding=\"async\" width=\"1200\" height=\"975\" src=\"https:\/\/strongsteelbuildings.com\/wp-content\/uploads\/2025\/02\/81ec4f40-8f9c-40f8-8d2c-623f76185ee3.jpg\" class=\"attachment-full size-full wp-image-1603\" alt=\"\" srcset=\"https:\/\/strongsteelbuildings.com\/wp-content\/uploads\/2025\/02\/81ec4f40-8f9c-40f8-8d2c-623f76185ee3.jpg 1200w, https:\/\/strongsteelbuildings.com\/wp-content\/uploads\/2025\/02\/81ec4f40-8f9c-40f8-8d2c-623f76185ee3-300x244.jpg 300w, https:\/\/strongsteelbuildings.com\/wp-content\/uploads\/2025\/02\/81ec4f40-8f9c-40f8-8d2c-623f76185ee3-1024x832.jpg 1024w, https:\/\/strongsteelbuildings.com\/wp-content\/uploads\/2025\/02\/81ec4f40-8f9c-40f8-8d2c-623f76185ee3-768x624.jpg 768w\" sizes=\"(max-width: 1200px) 100vw, 1200px\" \/><\/div>\n\t\t<\/a>\n\t\t\t\t<div class=\"elementor-post__text\">\n\t\t\t\t<h4 class=\"elementor-post__title\">\n\t\t\t<a href=\"https:\/\/strongsteelbuildings.com\/es\/choosing-the-best-materials-for-your-strong-steel-building-a-comprehensive-guide\/\" >\n\t\t\t\tC\u00f3mo elegir los mejores materiales para su s\u00f3lida estructura de acero: una gu\u00eda completa\t\t\t<\/a>\n\t\t<\/h4>\n\t\t\t\t<div class=\"elementor-post__meta-data\">\n\t\t\t\t\t<span class=\"elementor-post-avatar\">\n\t\t\tNo hay comentarios\t\t<\/span>\n\t\t\t\t<span class=\"elementor-post-date\">\n\t\t\t4 de febrero de 2025\t\t<\/span>\n\t\t\t\t<\/div>\n\t\t\n\t\t<a class=\"elementor-post__read-more\" href=\"https:\/\/strongsteelbuildings.com\/es\/choosing-the-best-materials-for-your-strong-steel-building-a-comprehensive-guide\/\" aria-label=\"Lea m\u00e1s sobre C\u00f3mo elegir los mejores materiales para su s\u00f3lido edificio de acero: una gu\u00eda completa\" tabindex=\"-1\" >\n\t\t\tLeer m\u00e1s &quot;\t\t<\/a>\n\n\t\t\t\t<\/div>\n\t\t\t\t<\/article>\n\t\t\t\t<article class=\"elementor-post elementor-grid-item post-226 post type-post status-publish format-standard has-post-thumbnail hentry category-uncategorized\">\n\t\t\t\t<a class=\"elementor-post__thumbnail__link\" href=\"https:\/\/strongsteelbuildings.com\/es\/customizing-your-steel-building-design-options-to-fit-your-needs\/\" tabindex=\"-1\" >\n\t\t\t<div class=\"elementor-post__thumbnail\"><img loading=\"lazy\" decoding=\"async\" width=\"1500\" height=\"1125\" src=\"https:\/\/strongsteelbuildings.com\/wp-content\/uploads\/2024\/09\/IMG_3821-2-1.jpg\" class=\"attachment-full size-full wp-image-227\" alt=\"\" srcset=\"https:\/\/strongsteelbuildings.com\/wp-content\/uploads\/2024\/09\/IMG_3821-2-1.jpg 1500w, https:\/\/strongsteelbuildings.com\/wp-content\/uploads\/2024\/09\/IMG_3821-2-1-300x225.jpg 300w, https:\/\/strongsteelbuildings.com\/wp-content\/uploads\/2024\/09\/IMG_3821-2-1-1024x768.jpg 1024w, https:\/\/strongsteelbuildings.com\/wp-content\/uploads\/2024\/09\/IMG_3821-2-1-768x576.jpg 768w\" sizes=\"(max-width: 1500px) 100vw, 1500px\" \/><\/div>\n\t\t<\/a>\n\t\t\t\t<div class=\"elementor-post__text\">\n\t\t\t\t<h4 class=\"elementor-post__title\">\n\t\t\t<a href=\"https:\/\/strongsteelbuildings.com\/es\/customizing-your-steel-building-design-options-to-fit-your-needs\/\" >\n\t\t\t\tPersonalizaci\u00f3n de su edificio de acero: opciones de dise\u00f1o que se adaptan a sus necesidades\t\t\t<\/a>\n\t\t<\/h4>\n\t\t\t\t<div class=\"elementor-post__meta-data\">\n\t\t\t\t\t<span class=\"elementor-post-avatar\">\n\t\t\tNo hay comentarios\t\t<\/span>\n\t\t\t\t<span class=\"elementor-post-date\">\n\t\t\t18 de septiembre de 2024\t\t<\/span>\n\t\t\t\t<\/div>\n\t\t\n\t\t<a class=\"elementor-post__read-more\" href=\"https:\/\/strongsteelbuildings.com\/es\/customizing-your-steel-building-design-options-to-fit-your-needs\/\" aria-label=\"Lea m\u00e1s sobre c\u00f3mo personalizar su edificio de acero: opciones de dise\u00f1o que se adaptan a sus necesidades\" tabindex=\"-1\" >\n\t\t\tLeer m\u00e1s &quot;\t\t<\/a>\n\n\t\t\t\t<\/div>\n\t\t\t\t<\/article>\n\t\t\t\t<article class=\"elementor-post elementor-grid-item post-223 post type-post status-publish format-standard has-post-thumbnail hentry category-uncategorized\">\n\t\t\t\t<a class=\"elementor-post__thumbnail__link\" href=\"https:\/\/strongsteelbuildings.com\/es\/why-steel-buildings-are-the-best-choice-for-commercial-projects\/\" tabindex=\"-1\" >\n\t\t\t<div class=\"elementor-post__thumbnail\"><img loading=\"lazy\" decoding=\"async\" width=\"960\" height=\"466\" src=\"https:\/\/strongsteelbuildings.com\/wp-content\/uploads\/2024\/09\/IMG_3597.jpg\" class=\"attachment-full size-full wp-image-224\" alt=\"\" srcset=\"https:\/\/strongsteelbuildings.com\/wp-content\/uploads\/2024\/09\/IMG_3597.jpg 960w, https:\/\/strongsteelbuildings.com\/wp-content\/uploads\/2024\/09\/IMG_3597-300x146.jpg 300w, https:\/\/strongsteelbuildings.com\/wp-content\/uploads\/2024\/09\/IMG_3597-768x373.jpg 768w\" sizes=\"(max-width: 960px) 100vw, 960px\" \/><\/div>\n\t\t<\/a>\n\t\t\t\t<div class=\"elementor-post__text\">\n\t\t\t\t<h4 class=\"elementor-post__title\">\n\t\t\t<a href=\"https:\/\/strongsteelbuildings.com\/es\/why-steel-buildings-are-the-best-choice-for-commercial-projects\/\" >\n\t\t\t\tPor qu\u00e9 los edificios de acero son la mejor opci\u00f3n para proyectos comerciales\t\t\t<\/a>\n\t\t<\/h4>\n\t\t\t\t<div class=\"elementor-post__meta-data\">\n\t\t\t\t\t<span class=\"elementor-post-avatar\">\n\t\t\tNo hay comentarios\t\t<\/span>\n\t\t\t\t<span class=\"elementor-post-date\">\n\t\t\t18 de septiembre de 2024\t\t<\/span>\n\t\t\t\t<\/div>\n\t\t\n\t\t<a class=\"elementor-post__read-more\" href=\"https:\/\/strongsteelbuildings.com\/es\/why-steel-buildings-are-the-best-choice-for-commercial-projects\/\" aria-label=\"Lea m\u00e1s sobre por qu\u00e9 los edificios de acero son la mejor opci\u00f3n para proyectos comerciales.\" tabindex=\"-1\" >\n\t\t\tLeer m\u00e1s &quot;\t\t<\/a>\n\n\t\t\t\t<\/div>\n\t\t\t\t<\/article>\n\t\t\t\t<article class=\"elementor-post elementor-grid-item post-220 post type-post status-publish format-standard has-post-thumbnail hentry category-uncategorized\">\n\t\t\t\t<a class=\"elementor-post__thumbnail__link\" href=\"https:\/\/strongsteelbuildings.com\/es\/how-to-maintain-and-extend-the-life-of-your-steel-building\/\" tabindex=\"-1\" >\n\t\t\t<div class=\"elementor-post__thumbnail\"><img loading=\"lazy\" decoding=\"async\" width=\"2048\" height=\"1536\" src=\"https:\/\/strongsteelbuildings.com\/wp-content\/uploads\/2024\/09\/IMG_3620-1.jpg\" class=\"attachment-full size-full wp-image-221\" alt=\"\" srcset=\"https:\/\/strongsteelbuildings.com\/wp-content\/uploads\/2024\/09\/IMG_3620-1.jpg 2048w, https:\/\/strongsteelbuildings.com\/wp-content\/uploads\/2024\/09\/IMG_3620-1-300x225.jpg 300w, https:\/\/strongsteelbuildings.com\/wp-content\/uploads\/2024\/09\/IMG_3620-1-1024x768.jpg 1024w, https:\/\/strongsteelbuildings.com\/wp-content\/uploads\/2024\/09\/IMG_3620-1-768x576.jpg 768w, https:\/\/strongsteelbuildings.com\/wp-content\/uploads\/2024\/09\/IMG_3620-1-1536x1152.jpg 1536w\" sizes=\"(max-width: 2048px) 100vw, 2048px\" \/><\/div>\n\t\t<\/a>\n\t\t\t\t<div class=\"elementor-post__text\">\n\t\t\t\t<h4 class=\"elementor-post__title\">\n\t\t\t<a href=\"https:\/\/strongsteelbuildings.com\/es\/how-to-maintain-and-extend-the-life-of-your-steel-building\/\" >\n\t\t\t\tC\u00f3mo mantener y prolongar la vida \u00fatil de su edificio de acero\t\t\t<\/a>\n\t\t<\/h4>\n\t\t\t\t<div class=\"elementor-post__meta-data\">\n\t\t\t\t\t<span class=\"elementor-post-avatar\">\n\t\t\tNo hay comentarios\t\t<\/span>\n\t\t\t\t<span class=\"elementor-post-date\">\n\t\t\t18 de septiembre de 2024\t\t<\/span>\n\t\t\t\t<\/div>\n\t\t\n\t\t<a class=\"elementor-post__read-more\" href=\"https:\/\/strongsteelbuildings.com\/es\/how-to-maintain-and-extend-the-life-of-your-steel-building\/\" aria-label=\"Lea m\u00e1s sobre c\u00f3mo mantener y prolongar la vida \u00fatil de su edificio de acero.\" tabindex=\"-1\" >\n\t\t\tLeer m\u00e1s &quot;\t\t<\/a>\n\n\t\t\t\t<\/div>\n\t\t\t\t<\/article>\n\t\t\t\t<article class=\"elementor-post elementor-grid-item post-216 post type-post status-publish format-standard has-post-thumbnail hentry category-uncategorized\">\n\t\t\t\t<a class=\"elementor-post__thumbnail__link\" href=\"https:\/\/strongsteelbuildings.com\/es\/top-benefits-of-choosing-custom-steel-buildings-for-your-property\/\" tabindex=\"-1\" >\n\t\t\t<div class=\"elementor-post__thumbnail\"><img loading=\"lazy\" decoding=\"async\" width=\"1500\" height=\"1124\" src=\"https:\/\/strongsteelbuildings.com\/wp-content\/uploads\/2024\/09\/11-6-19-Raw-Image-2-min-1.png\" class=\"attachment-full size-full wp-image-217\" alt=\"\" srcset=\"https:\/\/strongsteelbuildings.com\/wp-content\/uploads\/2024\/09\/11-6-19-Raw-Image-2-min-1.png 1500w, https:\/\/strongsteelbuildings.com\/wp-content\/uploads\/2024\/09\/11-6-19-Raw-Image-2-min-1-300x225.png 300w, https:\/\/strongsteelbuildings.com\/wp-content\/uploads\/2024\/09\/11-6-19-Raw-Image-2-min-1-1024x767.png 1024w, https:\/\/strongsteelbuildings.com\/wp-content\/uploads\/2024\/09\/11-6-19-Raw-Image-2-min-1-768x575.png 768w\" sizes=\"(max-width: 1500px) 100vw, 1500px\" \/><\/div>\n\t\t<\/a>\n\t\t\t\t<div class=\"elementor-post__text\">\n\t\t\t\t<h4 class=\"elementor-post__title\">\n\t\t\t<a href=\"https:\/\/strongsteelbuildings.com\/es\/top-benefits-of-choosing-custom-steel-buildings-for-your-property\/\" >\n\t\t\t\tPrincipales beneficios de elegir edificios de acero personalizados para su propiedad\t\t\t<\/a>\n\t\t<\/h4>\n\t\t\t\t<div class=\"elementor-post__meta-data\">\n\t\t\t\t\t<span class=\"elementor-post-avatar\">\n\t\t\tNo hay comentarios\t\t<\/span>\n\t\t\t\t<span class=\"elementor-post-date\">\n\t\t\t18 de septiembre de 2024\t\t<\/span>\n\t\t\t\t<\/div>\n\t\t\n\t\t<a class=\"elementor-post__read-more\" href=\"https:\/\/strongsteelbuildings.com\/es\/top-benefits-of-choosing-custom-steel-buildings-for-your-property\/\" aria-label=\"Lea m\u00e1s sobre los principales beneficios de elegir edificios de acero personalizados para su propiedad.\" tabindex=\"-1\" >\n\t\t\tLeer m\u00e1s &quot;\t\t<\/a>\n\n\t\t\t\t<\/div>\n\t\t\t\t<\/article>\n\t\t\t\t<\/div>\n\t\t\n\t\t\t\t\t\t<\/div>\n\t\t\t\t<\/div>\n\t\t\t\t\t<\/div>\n\t\t\t\t<\/div>\n\t\t\t\t<\/div>","protected":false},"excerpt":{"rendered":"<p>PUBLICACI\u00d3N DE BLOG OBLIGATORIA Consulte nuestros art\u00edculos m\u00e1s recientes<\/p>","protected":false},"author":2,"featured_media":0,"parent":0,"menu_order":0,"comment_status":"closed","ping_status":"closed","template":"elementor_header_footer","meta":{"_acf_changed":false,"nf_dc_page":"","footnotes":""},"class_list":["post-316","page","type-page","status-publish","hentry"],"acf":[],"_links":{"self":[{"href":"https:\/\/strongsteelbuildings.com\/es\/wp-json\/wp\/v2\/pages\/316","targetHints":{"allow":["GET"]}}],"collection":[{"href":"https:\/\/strongsteelbuildings.com\/es\/wp-json\/wp\/v2\/pages"}],"about":[{"href":"https:\/\/strongsteelbuildings.com\/es\/wp-json\/wp\/v2\/types\/page"}],"author":[{"embeddable":true,"href":"https:\/\/strongsteelbuildings.com\/es\/wp-json\/wp\/v2\/users\/2"}],"replies":[{"embeddable":true,"href":"https:\/\/strongsteelbuildings.com\/es\/wp-json\/wp\/v2\/comments?post=316"}],"version-history":[{"count":7,"href":"https:\/\/strongsteelbuildings.com\/es\/wp-json\/wp\/v2\/pages\/316\/revisions"}],"predecessor-version":[{"id":1563,"href":"https:\/\/strongsteelbuildings.com\/es\/wp-json\/wp\/v2\/pages\/316\/revisions\/1563"}],"wp:attachment":[{"href":"https:\/\/strongsteelbuildings.com\/es\/wp-json\/wp\/v2\/media?parent=316"}],"curies":[{"name":"gracias","href":"https:\/\/api.w.org\/{rel}","templated":true}]}}